{"id":45,"date":"2013-01-18T19:04:49","date_gmt":"2013-01-18T19:04:49","guid":{"rendered":"http:\/\/schrijenboekbinders.com\/site\/?page_id=45"},"modified":"2020-06-24T17:02:30","modified_gmt":"2020-06-24T15:02:30","slug":"innovatie","status":"publish","type":"page","link":"https:\/\/www.schrijenboekbinders.com\/site\/innovatie\/","title":{"rendered":"Innovatie"},"content":{"rendered":"<p>De firma Schrijen is in 1946 opgericht door de naamgever de heer H. Schrijen te Limbricht-Sittard. Het bedrijf groeide in de loop der jaren gestaag en bouwde een uitstekende naam en faam op in heel Nederland. Destijds ging de aandacht vooral uit naar het bindwerk: het inbinden van nieuwe tijdschriften naast het herbinden van boeken en tijdschriften. Ook het restaureren van boeken, incunabelen en handschriften behoorde toen al tot de werkzaamheden van de firma Schrijen. Voor die tijd was deze firma zeer vooruitstrevend en innovatief. Zo paste zij in 1986 als eerste het vriesdroogproc\u00e9d\u00e9 toe in de bestrijding van waterschade aan boeken en andere documenten uit het gemeentearchief van de toenmalige gemeente Roggel. In 1988 behandelde Schrijen de door de brand gedeeltelijk beschadigde collectie van de Universiteit van Amsterdam.<\/p>\n<p>&nbsp;<\/p>\n<p>Begin jaren tachtig ging de heer H. Schrijen met pensioen en nam zijn zoon P. Schrijen het bedrijf over. Onder zijn leiding verwierf het bedrijf ook buiten Nederland naamsbekendheid (Duitsland en Belgi\u00eb). In Nederland ontwikkelde het zich verder tot \u00e9\u00e9n van de marktleiders op het gebied van boekbinden en boekrestauratie.<\/p>\n<p>&nbsp;<\/p>\n<p>Momenteel\u00a0 kwalificeert Schrijen Boekbinders &amp; Boekrestaurateurs zich door innovatief werk voor het behoud van boeken. Zo ontwikkelden\u00a0 we vanaf 2002 een op maat gemaakte conserveringsdoos. Dit resulteerde in 2004 in de, met een octrooi beloonde, PYXIS<sup>\u00ae<\/sup>. Daarnaast leidden onze inspanningen tevens tot een hele reeks aan conserveringsartikelen. Nu deze PYXIS\u00ae ontwikkeld is rusten we niet op onze lauweren, maar blijven we zoeken naar verbeteringen, nieuwe producten en baanbrekende innovaties.<\/p>\n<p>U kunt bij ons niet alleen terecht voor het binden van uw boeken en het restaureren van oude banden, maar ook voor advies, producten en andere hulp op het gebied van permanente bewaring.<\/p>\n","protected":false},"excerpt":{"rendered":"<p>De firma Schrijen is in 1946 opgericht door de naamgever de heer H. Schrijen te Limbricht-Sittard. Het bedrijf groeide in de loop der jaren gestaag en bouwde een uitstekende naam en faam op in heel Nederland. Destijds ging de aandacht vooral uit naar het bindwerk: het inbinden van nieuwe tijdschriften &hellip;<\/p>\n","protected":false},"author":1,"featured_media":0,"parent":0,"menu_order":0,"comment_status":"closed","ping_status":"open","template":"","meta":{"footnotes":""},"class_list":["post-45","page","type-page","status-publish","hentry"],"yoast_head":"<!-- This site is optimized with the Yoast SEO plugin v25.6 - https:\/\/yoast.com\/wordpress\/plugins\/seo\/ -->\n<title>Innovatie - Schrijen Boekbinders &amp; Boekrestaurateurs<\/title>\n<meta name=\"robots\" content=\"index, follow, max-snippet:-1, max-image-preview:large, max-video-preview:-1\" \/>\n<link rel=\"canonical\" href=\"https:\/\/www.schrijenboekbinders.com\/innovatie\/\" \/>\n<meta property=\"og:locale\" content=\"nl_NL\" \/>\n<meta property=\"og:type\" content=\"article\" \/>\n<meta property=\"og:title\" content=\"Innovatie - Schrijen Boekbinders &amp; Boekrestaurateurs\" \/>\n<meta property=\"og:description\" content=\"De firma Schrijen is in 1946 opgericht door de naamgever de heer H. Schrijen te Limbricht-Sittard. Het bedrijf groeide in de loop der jaren gestaag en bouwde een uitstekende naam en faam op in heel Nederland. Destijds ging de aandacht vooral uit naar het bindwerk: het inbinden van nieuwe tijdschriften &hellip;\" \/>\n<meta property=\"og:url\" content=\"https:\/\/www.schrijenboekbinders.com\/innovatie\/\" \/>\n<meta property=\"og:site_name\" content=\"Schrijen Boekbinders &amp; Boekrestaurateurs\" \/>\n<meta property=\"article:modified_time\" content=\"2020-06-24T15:02:30+00:00\" \/>\n<meta name=\"twitter:label1\" content=\"Geschatte leestijd\" \/>\n\t<meta name=\"twitter:data1\" content=\"1 minuut\" \/>\n<script type=\"application\/ld+json\" class=\"yoast-schema-graph\">{\"@context\":\"https:\/\/schema.org\",\"@graph\":[{\"@type\":\"WebPage\",\"@id\":\"https:\/\/www.schrijenboekbinders.com\/innovatie\/\",\"url\":\"https:\/\/www.schrijenboekbinders.com\/innovatie\/\",\"name\":\"Innovatie - Schrijen Boekbinders &amp; Boekrestaurateurs\",\"isPartOf\":{\"@id\":\"https:\/\/www.schrijenboekbinders.com\/#website\"},\"datePublished\":\"2013-01-18T19:04:49+00:00\",\"dateModified\":\"2020-06-24T15:02:30+00:00\",\"breadcrumb\":{\"@id\":\"https:\/\/www.schrijenboekbinders.com\/innovatie\/#breadcrumb\"},\"inLanguage\":\"nl-NL\",\"potentialAction\":[{\"@type\":\"ReadAction\",\"target\":[\"https:\/\/www.schrijenboekbinders.com\/innovatie\/\"]}]},{\"@type\":\"BreadcrumbList\",\"@id\":\"https:\/\/www.schrijenboekbinders.com\/innovatie\/#breadcrumb\",\"itemListElement\":[{\"@type\":\"ListItem\",\"position\":1,\"name\":\"Home\",\"item\":\"https:\/\/www.schrijenboekbinders.com\/\"},{\"@type\":\"ListItem\",\"position\":2,\"name\":\"Innovatie\"}]},{\"@type\":\"WebSite\",\"@id\":\"https:\/\/www.schrijenboekbinders.com\/#website\",\"url\":\"https:\/\/www.schrijenboekbinders.com\/\",\"name\":\"Schrijen Boekbinders &amp; Boekrestaurateurs\",\"description\":\"Roerend erfgoed met beleid voor de toekomst bewaren\",\"publisher\":{\"@id\":\"https:\/\/www.schrijenboekbinders.com\/#organization\"},\"potentialAction\":[{\"@type\":\"SearchAction\",\"target\":{\"@type\":\"EntryPoint\",\"urlTemplate\":\"https:\/\/www.schrijenboekbinders.com\/?s={search_term_string}\"},\"query-input\":{\"@type\":\"PropertyValueSpecification\",\"valueRequired\":true,\"valueName\":\"search_term_string\"}}],\"inLanguage\":\"nl-NL\"},{\"@type\":\"Organization\",\"@id\":\"https:\/\/www.schrijenboekbinders.com\/#organization\",\"name\":\"Schrijen Boekbinders &amp; Boekrestaurateurs\",\"url\":\"https:\/\/www.schrijenboekbinders.com\/\",\"logo\":{\"@type\":\"ImageObject\",\"inLanguage\":\"nl-NL\",\"@id\":\"https:\/\/www.schrijenboekbinders.com\/#\/schema\/logo\/image\/\",\"url\":\"https:\/\/www.schrijenboekbinders.com\/site\/wp-content\/uploads\/2013\/01\/cropped-logo2-2.gif\",\"contentUrl\":\"https:\/\/www.schrijenboekbinders.com\/site\/wp-content\/uploads\/2013\/01\/cropped-logo2-2.gif\",\"width\":450,\"height\":106,\"caption\":\"Schrijen Boekbinders &amp; Boekrestaurateurs\"},\"image\":{\"@id\":\"https:\/\/www.schrijenboekbinders.com\/#\/schema\/logo\/image\/\"}}]}<\/script>\n<!-- \/ Yoast SEO plugin. -->","yoast_head_json":{"title":"Innovatie - Schrijen Boekbinders &amp; Boekrestaurateurs","robots":{"index":"index","follow":"follow","max-snippet":"max-snippet:-1","max-image-preview":"max-image-preview:large","max-video-preview":"max-video-preview:-1"},"canonical":"https:\/\/www.schrijenboekbinders.com\/innovatie\/","og_locale":"nl_NL","og_type":"article","og_title":"Innovatie - Schrijen Boekbinders &amp; Boekrestaurateurs","og_description":"De firma Schrijen is in 1946 opgericht door de naamgever de heer H. Schrijen te Limbricht-Sittard. Het bedrijf groeide in de loop der jaren gestaag en bouwde een uitstekende naam en faam op in heel Nederland. Destijds ging de aandacht vooral uit naar het bindwerk: het inbinden van nieuwe tijdschriften &hellip;","og_url":"https:\/\/www.schrijenboekbinders.com\/innovatie\/","og_site_name":"Schrijen Boekbinders &amp; Boekrestaurateurs","article_modified_time":"2020-06-24T15:02:30+00:00","twitter_misc":{"Geschatte leestijd":"1 minuut"},"schema":{"@context":"https:\/\/schema.org","@graph":[{"@type":"WebPage","@id":"https:\/\/www.schrijenboekbinders.com\/innovatie\/","url":"https:\/\/www.schrijenboekbinders.com\/innovatie\/","name":"Innovatie - Schrijen Boekbinders &amp; Boekrestaurateurs","isPartOf":{"@id":"https:\/\/www.schrijenboekbinders.com\/#website"},"datePublished":"2013-01-18T19:04:49+00:00","dateModified":"2020-06-24T15:02:30+00:00","breadcrumb":{"@id":"https:\/\/www.schrijenboekbinders.com\/innovatie\/#breadcrumb"},"inLanguage":"nl-NL","potentialAction":[{"@type":"ReadAction","target":["https:\/\/www.schrijenboekbinders.com\/innovatie\/"]}]},{"@type":"BreadcrumbList","@id":"https:\/\/www.schrijenboekbinders.com\/innovatie\/#breadcrumb","itemListElement":[{"@type":"ListItem","position":1,"name":"Home","item":"https:\/\/www.schrijenboekbinders.com\/"},{"@type":"ListItem","position":2,"name":"Innovatie"}]},{"@type":"WebSite","@id":"https:\/\/www.schrijenboekbinders.com\/#website","url":"https:\/\/www.schrijenboekbinders.com\/","name":"Schrijen Boekbinders &amp; Boekrestaurateurs","description":"Roerend erfgoed met beleid voor de toekomst bewaren","publisher":{"@id":"https:\/\/www.schrijenboekbinders.com\/#organization"},"potentialAction":[{"@type":"SearchAction","target":{"@type":"EntryPoint","urlTemplate":"https:\/\/www.schrijenboekbinders.com\/?s={search_term_string}"},"query-input":{"@type":"PropertyValueSpecification","valueRequired":true,"valueName":"search_term_string"}}],"inLanguage":"nl-NL"},{"@type":"Organization","@id":"https:\/\/www.schrijenboekbinders.com\/#organization","name":"Schrijen Boekbinders &amp; Boekrestaurateurs","url":"https:\/\/www.schrijenboekbinders.com\/","logo":{"@type":"ImageObject","inLanguage":"nl-NL","@id":"https:\/\/www.schrijenboekbinders.com\/#\/schema\/logo\/image\/","url":"https:\/\/www.schrijenboekbinders.com\/site\/wp-content\/uploads\/2013\/01\/cropped-logo2-2.gif","contentUrl":"https:\/\/www.schrijenboekbinders.com\/site\/wp-content\/uploads\/2013\/01\/cropped-logo2-2.gif","width":450,"height":106,"caption":"Schrijen Boekbinders &amp; Boekrestaurateurs"},"image":{"@id":"https:\/\/www.schrijenboekbinders.com\/#\/schema\/logo\/image\/"}}]}},"_links":{"self":[{"href":"https:\/\/www.schrijenboekbinders.com\/site\/wp-json\/wp\/v2\/pages\/45","targetHints":{"allow":["GET"]}}],"collection":[{"href":"https:\/\/www.schrijenboekbinders.com\/site\/wp-json\/wp\/v2\/pages"}],"about":[{"href":"https:\/\/www.schrijenboekbinders.com\/site\/wp-json\/wp\/v2\/types\/page"}],"author":[{"embeddable":true,"href":"https:\/\/www.schrijenboekbinders.com\/site\/wp-json\/wp\/v2\/users\/1"}],"replies":[{"embeddable":true,"href":"https:\/\/www.schrijenboekbinders.com\/site\/wp-json\/wp\/v2\/comments?post=45"}],"version-history":[{"count":2,"href":"https:\/\/www.schrijenboekbinders.com\/site\/wp-json\/wp\/v2\/pages\/45\/revisions"}],"predecessor-version":[{"id":281,"href":"https:\/\/www.schrijenboekbinders.com\/site\/wp-json\/wp\/v2\/pages\/45\/revisions\/281"}],"wp:attachment":[{"href":"https:\/\/www.schrijenboekbinders.com\/site\/wp-json\/wp\/v2\/media?parent=45"}],"curies":[{"name":"wp","href":"https:\/\/api.w.org\/{rel}","templated":true}]}}